{"id":12,"date":"2019-04-30T17:25:59","date_gmt":"2019-04-30T17:25:59","guid":{"rendered":"http:\/\/gambtec.de\/?page_id=12"},"modified":"2026-03-21T13:05:37","modified_gmt":"2026-03-21T12:05:37","slug":"maschinenbestand","status":"publish","type":"page","link":"https:\/\/gambtec.de\/en_US\/maschinenbestand\/","title":{"rendered":"Gebrauchte Industriemaschinen kaufen \u2013 Maschinenbestand"},"content":{"rendered":"\n<style>\n  *, *::before, *::after { box-sizing: border-box; margin: 0; padding: 0; }\n  :root {\n    --bg: #0d0d0d; --bg2: #141414; --bg3: #1c1c1c; --bg4: #222;\n    --border: #2a2a2a; --border2: #333;\n    --text: #e2e2e2; --muted: #666; --muted2: #999;\n    --red: #c41a1a; --red2: #8c1212; --white: #ffffff;\n    --font: 'Inter', 'Helvetica Neue', Arial, sans-serif;\n  }\n  html { scroll-behavior: smooth; }\n  body { background: var(--bg); color: var(--text); font-family: var(--font); font-size: 16px; line-height: 1.6; -webkit-font-smoothing: antialiased; }\n  nav.gt-nav { position: fixed; top: 0; left: 0; right: 0; z-index: 9999; height: 62px; background: rgba(13,13,13,0.96); backdrop-filter: blur(14px); border-bottom: 1px solid var(--border); display: flex; align-items: center; padding: 0 48px; }\n  .nav-inner { max-width: 1280px; margin: 0 auto; width: 100%; display: flex; align-items: center; justify-content: space-between; }\n  .logo { text-decoration: none; display: flex; align-items: center; gap: 14px; }\n  .logo-wordmark { font-size: 17px; font-weight: 800; letter-spacing: 0.06em; text-transform: uppercase; color: var(--white); }\n  .logo-wordmark span { color: var(--red); }\n  .logo-sep { width: 1px; height: 16px; background: var(--border2); }\n  .logo-tagline { font-size: 10px; letter-spacing: 0.2em; text-transform: uppercase; color: var(--muted); }\n  .nav-links { display: flex; align-items: center; gap: 30px; list-style: none; }\n  .nav-links a { color: #ccc; text-decoration: none; font-size: 12px; letter-spacing: 0.1em; text-transform: uppercase; font-weight: 500; transition: color 0.2s; }\n  .nav-links a:hover, .nav-links a.active { color: var(--white); }\n  .nav-links a.active { border-bottom: 1px solid var(--red); padding-bottom: 2px; }\n  .nav-cta { background: var(--red) !important; color: var(--white) !important; padding: 8px 20px; font-size: 11px !important; letter-spacing: 0.12em !important; transition: background 0.2s !important; }\n  .nav-cta:hover { background: #a81515 !important; }\n  .page-hero { padding: 120px 48px 72px; background: var(--bg); position: relative; overflow: hidden; border-bottom: 1px solid var(--border); }\n  .page-hero::before { content: ''; position: absolute; inset: 0; background-image: linear-gradient(var(--border) 1px, transparent 1px), linear-gradient(90deg, var(--border) 1px, transparent 1px); background-size: 72px 72px; opacity: 0.18; pointer-events: none; }\n  .page-hero::after { content: ''; position: absolute; inset: 0; background: radial-gradient(ellipse 60% 80% at 10% 50%, rgba(196,26,26,0.07) 0%, transparent 70%); pointer-events: none; }\n  .page-hero-inner { max-width: 1280px; margin: 0 auto; position: relative; z-index: 1; display: flex; align-items: flex-end; justify-content: space-between; gap: 40px; flex-wrap: wrap; }\n  .page-eyebrow { display: inline-flex; align-items: center; gap: 12px; font-size: 11px; letter-spacing: 0.24em; text-transform: uppercase; color: var(--red); margin-bottom: 24px; }\n  .page-eyebrow::after { content: ''; display: block; width: 36px; height: 1px; background: var(--red); }\n  .page-hero h1 { font-size: clamp(36px, 5vw, 72px); font-weight: 800; line-height: 1.04; letter-spacing: -0.025em; color: var(--white); margin-bottom: 16px; }\n  .page-hero h1 em { font-style: normal; color: var(--red); }\n  .page-hero-desc { font-size: 15px; color: var(--muted2); line-height: 1.8; max-width: 520px; }\n  .page-hero-meta { display: flex; gap: 48px; align-items: center; }\n  .meta-item { text-align: right; }\n  .meta-num { font-size: 42px; font-weight: 900; color: var(--white); letter-spacing: -0.04em; line-height: 1; }\n  .meta-num span { color: var(--red); }\n  .meta-label { font-size: 11px; color: var(--muted); letter-spacing: 0.1em; text-transform: uppercase; margin-top: 4px; }\n  .maschinen-section { padding: 64px 48px 96px; background: var(--bg2); min-height: 60vh; }\n  .maschinen-inner { max-width: 1280px; margin: 0 auto; }\n  .sticky-wrapper, .ebay-logo, .ad-disclaimer { display: none !important; }\n  p:has(+ form.search-form), .container > p { display: none; }\n  \/* SEARCH BOXES - fix float BFC issue *\/\n  #osd-ebay-listings .osd-search-box { float: none !important; width: 100% !important; max-width: 520px !important; }\n  #osd-ebay-listings .osd-categories-box { display: none !important; }\n  .search-form.serach-page { display: flex; align-items: center; gap: 12px; margin-bottom: 40px; padding: 0; background: transparent; border: none; }\n  .search-form.serach-page input\n      <svg width=\"18\" height=\"18\" viewBox=\"0 0 24 24\" fill=\"none\" stroke=\"#e63333\" stroke-width=\"2\" stroke-linecap=\"round\" stroke-linejoin=\"round\"><line x1=\"5\" y1=\"12\" x2=\"19\" y2=\"12\"\/><polyline points=\"12 5 19 12 12 19\"\/><\/svg>\n    <\/a>\n\n    <a href=\"https:\/\/www.ebay.de\/str\/communicarebygambtec\" target=\"_blank\" rel=\"noopener\"\n       style=\"display:flex;align-items:center;justify-content:space-between;padding:20px 22px;background:#1a1a1a;border:1px solid #2a2a2a;border-radius:4px;text-decoration:none;transition:border-color .2s;\"\n       onmouseover=\"this.style.borderColor='#e63333'\" onmouseout=\"this.style.borderColor='#2a2a2a'\">\n      <div>\n        <div style=\"font-size:11px;color:#666;letter-spacing:2px;text-transform:uppercase;margin-bottom:6px;\">Shop 03<\/div>\n        <div style=\"font-size:15px;font-weight:700;color:#fff;\">Communicare by GambTec<\/div>\n      <\/div>\n      <svg width=\"18\" height=\"18\" viewBox=\"0 0 24 24\" fill=\"none\" stroke=\"#e63333\" stroke-width=\"2\" stroke-linecap=\"round\" stroke-linejoin=\"round\"><line x1=\"5\" y1=\"12\" x2=\"19\" y2=\"12\"\/><polyline points=\"12 5 19 12 12 19\"\/><\/svg>\n    <\/a>\n\n    <a href=\"https:\/\/www.ebay.de\/str\/gambtecmaschinenhandel\" target=\"_blank\" rel=\"noopener\"\n       style=\"display:flex;align-items:center;justify-content:space-between;padding:20px 22px;background:#1a1a1a;border:1px solid #2a2a2a;border-radius:4px;text-decoration:none;transition:border-color .2s;\"\n       onmouseover=\"this.style.borderColor='#e63333'\" onmouseout=\"this.style.borderColor='#2a2a2a'\">\n      <div>\n        <div style=\"font-size:11px;color:#666;letter-spacing:2px;text-transform:uppercase;margin-bottom:6px;\">Shop 04<\/div>\n        <div style=\"font-size:15px;font-weight:700;color:#fff;\">GambTec Maschinenhandel<\/div>\n      <\/div>\n      <svg width=\"18\" height=\"18\" viewBox=\"0 0 24 24\" fill=\"none\" stroke=\"#e63333\" stroke-width=\"2\" stroke-linecap=\"round\" stroke-linejoin=\"round\"><line x1=\"5\" y1=\"12\" x2=\"19\" y2=\"12\"\/><polyline points=\"12 5 19 12 12 19\"\/><\/svg>\n    <\/a>\n\n  <\/div>\n<\/div>\n\n[type=\"text\"], .search-form.serach-page input[type=\"search\"] { flex: 1; max-width: 380px; background: var(--bg3); border: 1px solid var(--border); color: var(--text); padding: 11px 16px; font-size: 13px; font-family: var(--font); outline: none; transition: border-color 0.2s; letter-spacing: 0.03em; }\n  .search-form.serach-page input:focus { border-color: var(--muted); }\n  .search-form.serach-page input::placeholder { color: var(--muted); }\n  .search-form.serach-page button, .search-form.serach-page input[type=\"submit\"] { background: var(--red); color: var(--white); border: none; padding: 11px 24px; font-size: 11px; font-weight: 700; letter-spacing: 0.1em; text-transform: uppercase; cursor: pointer; font-family: var(--font); transition: background 0.2s; }\n  .search-form.serach-page button:hover { background: #a81515; }\n  .search-form.serach-page button:last-child, .search-form.serach-page input[type=\"reset\"] { background: transparent; color: var(--muted); border: 1px solid var(--border); }\n  .search-form.serach-page button:last-child:hover { color: var(--white); border-color: #555; }\n\n  \/* SECTION LABEL BAR *\/\n  .feed-label-bar { display: flex; align-items: flex-end; justify-content: space-between; border-bottom: 1px solid var(--border); padding-bottom: 24px; margin-bottom: 40px; }\n  .feed-label { font-size: 10px; letter-spacing: 0.25em; text-transform: uppercase; color: var(--red); margin-bottom: 8px; }\n  .feed-title { font-size: clamp(24px, 2.8vw, 40px); font-weight: 800; letter-spacing: -0.02em; color: var(--white); line-height: 1.1; }\n  .feed-count { font-size: 64px; font-weight: 900; color: var(--bg3); letter-spacing: -0.04em; line-height: 1; user-select: none; }\n\n  \/* KEY FIX: clear floats + force width on the eBay listings UL *\/\n  #osd-ebay-listings { width: 100% !important; }\n  ul#eBayListings.grid-4-listing {\n    clear: both !important;\n    width: 100% !important;\n    display: grid !important;\n    grid-template-columns: repeat(4, 1fr) !important;\n    gap: 16px !important;\n    list-style: none !important;\n    padding: 0 !important; margin: 0 !important;\n    float: none !important;\n  }\n  @media (max-width: 1100px) { ul#eBayListings.grid-4-listing { grid-template-columns: repeat(3, 1fr) !important; } }\n  @media (max-width: 760px) { ul#eBayListings.grid-4-listing { grid-template-columns: repeat(2, 1fr) !important; } }\n  @media (max-width: 480px) { ul#eBayListings.grid-4-listing { grid-template-columns: 1fr !important; } }\n\n  \/* PRODUCT CARDS *\/\n  ul#eBayListings > li.listItem {\n    background: var(--bg3) !important; border: 1px solid var(--border) !important;\n    transition: border-color 0.2s, transform 0.15s !important;\n    display: flex !important; flex-direction: column !important;\n    overflow: hidden !important; position: relative !important;\n    float: none !important; width: auto !important;\n    margin: 0 !important; padding: 0 !important;\n  }\n  ul#eBayListings > li.listItem:hover { border-color: #444 !important; transform: translateY(-2px); }\n  ul#eBayListings .eBayImage { width: 100% !important; aspect-ratio: 4\/3 !important; overflow: hidden !important; background: var(--bg4) !important; flex-shrink: 0 !important; min-height: 160px !important; }\n  ul#eBayListings .eBayImage a.eBayImgLink { display: block !important; width: 100% !important; height: 100% !important; }\n  ul#eBayListings .eBayImage img { width: 100% !important; height: 100% !important; object-fit: cover !important; display: block !important; transition: transform 0.3s; min-height: 160px !important; }\n  ul#eBayListings > li.listItem:hover .eBayImage img { transform: scale(1.04); }\n  ul#eBayListings .eBayData { padding: 16px !important; display: flex !important; flex-direction: column !important; flex: 1 !important; }\n  ul#eBayListings .eBayData ul { list-style: none !important; padding: 0 !important; margin: 0 !important; display: flex !important; flex-direction: column !important; gap: 10px !important; }\n  ul#eBayListings h3.eBayTitle { font-size: 13px !important; font-weight: 600 !important; color: var(--text) !important; line-height: 1.45 !important; margin-bottom: 8px !important; padding: 0 !important; }\n  ul#eBayListings h3.eBayTitle a { color: var(--text) !important; text-decoration: none !important; }\n  ul#eBayListings h3.eBayTitle a:hover { color: var(--white) !important; }\n  ul#eBayListings .eBayAuctionPrice span, ul#eBayListings .eBayAuctionPrice strong, ul#eBayListings .eBayAuctionPrice b { font-size: 18px !important; font-weight: 800 !important; color: var(--white) !important; letter-spacing: -0.02em !important; font-family: var(--font) !important; }\n  ul#eBayListings .bitImage { margin-top: auto !important; padding-top: 8px !important; }\n  ul#eBayListings .bitImage a { display: inline-block !important; }\n  ul#eBayListings .bitImage img { display: none !important; }\n  ul#eBayListings .bitImage a::after { content: 'Bei eBay ansehen \u2192'; display: inline-block; background: var(--red); color: var(--white); padding: 8px 14px; font-size: 10px; font-weight: 700; letter-spacing: 0.1em; text-transform: uppercase; font-family: var(--font); transition: background 0.2s; }\n  ul#eBayListings .bitImage a:hover::after { background: #a81515; }\n  ul#eBayListings li.eBayViewMore, ul#eBayListings li.eBayShipping { display: none !important; }\n  .paging { margin-top: 32px !important; display: flex !important; gap: 8px !important; justify-content: center !important; background: transparent !important; }\n  .paging a { background: var(--bg3) !important; border: 1px solid var(--border) !important; color: var(--muted2) !important; padding: 10px 20px !important; font-size: 12px !important; text-decoration: none !important; letter-spacing: 0.08em !important; text-transform: uppercase !important; transition: border-color 0.2s, color 0.2s !important; }\n  .paging a:hover { border-color: #555 !important; color: var(--white) !important; }\n  .middle-content > p, .container > p { display: none !important; }\n  div.clearfix { clear: both !important; display: block !important; height: 0 !important; overflow: hidden !important; }\n  footer.gt-footer { background: #090909; border-top: 1px solid var(--border); padding: 36px 48px; }\n  .footer-inner { max-width: 1280px; margin: 0 auto; display: flex; align-items: center; justify-content: space-between; flex-wrap: wrap; gap: 12px; }\n  .footer-left { display: flex; align-items: center; gap: 18px; }\n  .footer-brand { font-size: 13px; font-weight: 800; letter-spacing: 0.1em; text-transform: uppercase; color: #e2e2e2; }\n  .footer-brand span { color: var(--red2); }\n    a.footer-brand { text-decoration: none; cursor: pointer; transition: opacity 0.2s; }\n    a.footer-brand:hover { opacity: 0.75; }\n  .footer-sep-line { width: 1px; height: 14px; background: var(--border); }\n  .footer-copy { font-size: 12px; color: #888; }\n  .footer-links { display: flex; gap: 28px; list-style: none; }\n  .footer-links a { font-size: 11px; color: #333; text-decoration: none; letter-spacing: 0.1em; text-transform: uppercase; transition: color 0.2s; }\n  .footer-links a:hover { color: var(--white); }\n<\/style>\n<!-- NAV -->\n<section class=\"page-hero\">\n  <div class=\"page-hero-inner\">\n    <div class=\"page-hero-left\">\n      <h1>Maschinen<em>bestand<\/em><\/h1>\n      <p class=\"page-hero-desc\">Aktuelle Maschinen. Sofort verf\u00fcgbar. Weltweit versandbereit \u2014 inkl. Containerabwicklung und Beladung. Verf\u00fcgbar u.a. \u00fcber eBay oder direkt bei uns anfragen.<\/p>\n    <\/div>\n    <div class=\"page-hero-meta\">\n      <div class=\"meta-item\"><div class=\"meta-num\">218<span>+<\/span><\/div><div class=\"meta-label\">Artikel live<\/div><\/div>\n      <div class=\"meta-item\"><div class=\"meta-num\">100<span>%<\/span><\/div><div class=\"meta-label\">International<\/div><\/div>\n    <\/div>\n  <\/div>\n<\/section>\n<section class=\"maschinen-section\">\n  <div class=\"maschinen-inner\">\n    <div class=\"feed-label-bar\">\n      <div><div class=\"feed-label\">Live auf eBay<\/div><div class=\"feed-title\">Aktuell verf\u00fcgbare Maschinen<\/div><\/div>\n      <div class=\"feed-count\">218+<\/div>\n    <\/div>\n\n\n<div id=\"osd-ebay-listings\"><\/div>\n\n\n\n\n<\/div>\n<\/section>\n<footer>\n  <div class=\"footer-inner\">\n    <div class=\"footer-left\">\n      <a href=\"\/\" class=\"footer-brand\">Gamb<span>Tec<\/span><\/a>\n      <span class=\"footer-sep-line\"><\/span>\n      <span class=\"footer-copy\">\u00a9 2026 Alle Rechte vorbehalten.<\/span>\n    <\/div>\n    <ul class=\"footer-links\">\n      <li><a href=\"https:\/\/gambtec.de\/agb\" target=\"_blank\">AGB<\/a><\/li>\n      <li><a href=\"\/datenschutz\/\" target=\"_blank\">Datenschutz<\/a><\/li>\n      <li><a href=\"https:\/\/gambtec.de\/impressum\" target=\"_blank\">Impressum<\/a><\/li>\n      <li><a href=\"\/impressionen\/\" target=\"_blank\">Impressionen<\/a><\/li>\n      <li><a href=\"\/ankauf\/\">Wir suchen<\/a><\/li>\n    <\/ul>\n  <\/div>\n<\/footer>\n","protected":false},"excerpt":{"rendered":"<p>Maschinenbestand Aktuelle Maschinen. Sofort verf\u00fcgbar. Weltweit versandbereit \u2014 inkl. Containerabwicklung und Beladung. Verf\u00fcgbar u.a. \u00fcber eBay oder direkt bei uns anfragen. 218+ Artikel live 100% International Live auf eBay Aktuell verf\u00fcgbare Maschinen 218+ GambTec \u00a9 2026 Alle Rechte vorbehalten. AGB Datenschutz Impressum Impressionen Wir suchen<\/p>","protected":false},"author":1,"featured_media":0,"parent":0,"menu_order":1,"comment_status":"closed","ping_status":"closed","template":"gambtec-canvas.php","meta":{"footnotes":""},"class_list":["post-12","page","type-page","status-publish","hentry"],"yoast_head":"<!-- This site is optimized with the Yoast SEO plugin v27.3 - https:\/\/yoast.com\/product\/yoast-seo-wordpress\/ -->\n<title>Gebrauchte Industriemaschinen kaufen | GambTec Maschinenbestand<\/title>\n<meta name=\"description\" content=\"Aktueller Maschinenbestand von GambTec \u2013 gebrauchte Maschinen, Anlagen &amp; Industrieg\u00fcter. Laufend aktualisiert. Anfrage jetzt stellen.\" \/>\n<meta name=\"robots\" content=\"index, follow, max-snippet:-1, max-image-preview:large, max-video-preview:-1\" \/>\n<link rel=\"canonical\" href=\"https:\/\/gambtec.de\/en_US\/maschinenbestand\/\" \/>\n<meta property=\"og:locale\" content=\"en_US\" \/>\n<meta property=\"og:type\" content=\"article\" \/>\n<meta property=\"og:title\" content=\"Gebrauchte Industriemaschinen kaufen \u2013 Maschinenbestand | GambTec Berlin\" \/>\n<meta property=\"og:description\" content=\"Aktueller Maschinenbestand von GambTec \u2013 gebrauchte Maschinen, Anlagen &amp; Industrieg\u00fcter. Laufend aktualisiert. Anfrage jetzt stellen.\" \/>\n<meta property=\"og:url\" content=\"https:\/\/gambtec.de\/en_US\/maschinenbestand\/\" \/>\n<meta property=\"og:site_name\" content=\"GambTec\" \/>\n<meta property=\"article:modified_time\" content=\"2026-03-21T12:05:37+00:00\" \/>\n<meta property=\"og:image\" content=\"https:\/\/gambtec.de\/wp-content\/uploads\/2020\/07\/GambTecEbay.png\" \/>\n\t<meta property=\"og:image:width\" content=\"1671\" \/>\n\t<meta property=\"og:image:height\" content=\"883\" \/>\n\t<meta property=\"og:image:type\" content=\"image\/png\" \/>\n<meta name=\"twitter:card\" content=\"summary_large_image\" \/>\n<meta name=\"twitter:image\" content=\"https:\/\/gambtec.de\/wp-content\/uploads\/2020\/07\/GambTecEbay.png\" \/>\n<meta name=\"twitter:label1\" content=\"Est. reading time\" \/>\n\t<meta name=\"twitter:data1\" content=\"1 minute\" \/>\n<script type=\"application\/ld+json\" class=\"yoast-schema-graph\">{\"@context\":\"https:\\\/\\\/schema.org\",\"@graph\":[{\"@type\":\"WebPage\",\"@id\":\"https:\\\/\\\/gambtec.de\\\/maschinenbestand\\\/\",\"url\":\"https:\\\/\\\/gambtec.de\\\/maschinenbestand\\\/\",\"name\":\"Gebrauchte Industriemaschinen kaufen \u2013 Maschinenbestand | GambTec Berlin\",\"isPartOf\":{\"@id\":\"https:\\\/\\\/gambtec.de\\\/#website\"},\"datePublished\":\"2019-04-30T17:25:59+00:00\",\"dateModified\":\"2026-03-21T12:05:37+00:00\",\"description\":\"Aktueller Maschinenbestand von GambTec \u2013 gebrauchte Maschinen, Anlagen & Industrieg\u00fcter. Laufend aktualisiert. Anfrage jetzt stellen.\",\"breadcrumb\":{\"@id\":\"https:\\\/\\\/gambtec.de\\\/maschinenbestand\\\/#breadcrumb\"},\"inLanguage\":\"en-US\",\"potentialAction\":[{\"@type\":\"ReadAction\",\"target\":[\"https:\\\/\\\/gambtec.de\\\/maschinenbestand\\\/\"]}]},{\"@type\":\"BreadcrumbList\",\"@id\":\"https:\\\/\\\/gambtec.de\\\/maschinenbestand\\\/#breadcrumb\",\"itemListElement\":[{\"@type\":\"ListItem\",\"position\":1,\"name\":\"Start\",\"item\":\"https:\\\/\\\/gambtec.de\\\/\"},{\"@type\":\"ListItem\",\"position\":2,\"name\":\"Gebrauchte Industriemaschinen kaufen \u2013 Maschinenbestand\"}]},{\"@type\":\"WebSite\",\"@id\":\"https:\\\/\\\/gambtec.de\\\/#website\",\"url\":\"https:\\\/\\\/gambtec.de\\\/\",\"name\":\"GambTec\",\"description\":\"B2B Handelsplattform\",\"publisher\":{\"@id\":\"https:\\\/\\\/gambtec.de\\\/#organization\"},\"potentialAction\":[{\"@type\":\"SearchAction\",\"target\":{\"@type\":\"EntryPoint\",\"urlTemplate\":\"https:\\\/\\\/gambtec.de\\\/?s={search_term_string}\"},\"query-input\":{\"@type\":\"PropertyValueSpecification\",\"valueRequired\":true,\"valueName\":\"search_term_string\"}}],\"inLanguage\":\"en-US\"},{\"@type\":\"Organization\",\"@id\":\"https:\\\/\\\/gambtec.de\\\/#organization\",\"name\":\"GambTec\",\"url\":\"https:\\\/\\\/gambtec.de\\\/\",\"logo\":{\"@type\":\"ImageObject\",\"inLanguage\":\"en-US\",\"@id\":\"https:\\\/\\\/gambtec.de\\\/#\\\/schema\\\/logo\\\/image\\\/\",\"url\":\"https:\\\/\\\/gambtec.de\\\/wp-content\\\/uploads\\\/2019\\\/04\\\/cropped-Logo.weiss_.png\",\"contentUrl\":\"https:\\\/\\\/gambtec.de\\\/wp-content\\\/uploads\\\/2019\\\/04\\\/cropped-Logo.weiss_.png\",\"width\":240,\"height\":158,\"caption\":\"GambTec\"},\"image\":{\"@id\":\"https:\\\/\\\/gambtec.de\\\/#\\\/schema\\\/logo\\\/image\\\/\"}}]}<\/script>\n<!-- \/ Yoast SEO plugin. -->","yoast_head_json":{"title":"Gebrauchte Industriemaschinen kaufen | GambTec Maschinenbestand","description":"Aktueller Maschinenbestand von GambTec \u2013 gebrauchte Maschinen, Anlagen & Industrieg\u00fcter. Laufend aktualisiert. Anfrage jetzt stellen.","robots":{"index":"index","follow":"follow","max-snippet":"max-snippet:-1","max-image-preview":"max-image-preview:large","max-video-preview":"max-video-preview:-1"},"canonical":"https:\/\/gambtec.de\/en_US\/maschinenbestand\/","og_locale":"en_US","og_type":"article","og_title":"Gebrauchte Industriemaschinen kaufen \u2013 Maschinenbestand | GambTec Berlin","og_description":"Aktueller Maschinenbestand von GambTec \u2013 gebrauchte Maschinen, Anlagen & Industrieg\u00fcter. Laufend aktualisiert. Anfrage jetzt stellen.","og_url":"https:\/\/gambtec.de\/en_US\/maschinenbestand\/","og_site_name":"GambTec","article_modified_time":"2026-03-21T12:05:37+00:00","og_image":[{"width":1671,"height":883,"url":"https:\/\/gambtec.de\/wp-content\/uploads\/2020\/07\/GambTecEbay.png","type":"image\/png"}],"twitter_card":"summary_large_image","twitter_image":"https:\/\/gambtec.de\/wp-content\/uploads\/2020\/07\/GambTecEbay.png","twitter_misc":{"Est. reading time":"1 minute"},"schema":{"@context":"https:\/\/schema.org","@graph":[{"@type":"WebPage","@id":"https:\/\/gambtec.de\/maschinenbestand\/","url":"https:\/\/gambtec.de\/maschinenbestand\/","name":"Gebrauchte Industriemaschinen kaufen \u2013 Maschinenbestand | GambTec Berlin","isPartOf":{"@id":"https:\/\/gambtec.de\/#website"},"datePublished":"2019-04-30T17:25:59+00:00","dateModified":"2026-03-21T12:05:37+00:00","description":"Aktueller Maschinenbestand von GambTec \u2013 gebrauchte Maschinen, Anlagen & Industrieg\u00fcter. Laufend aktualisiert. Anfrage jetzt stellen.","breadcrumb":{"@id":"https:\/\/gambtec.de\/maschinenbestand\/#breadcrumb"},"inLanguage":"en-US","potentialAction":[{"@type":"ReadAction","target":["https:\/\/gambtec.de\/maschinenbestand\/"]}]},{"@type":"BreadcrumbList","@id":"https:\/\/gambtec.de\/maschinenbestand\/#breadcrumb","itemListElement":[{"@type":"ListItem","position":1,"name":"Start","item":"https:\/\/gambtec.de\/"},{"@type":"ListItem","position":2,"name":"Gebrauchte Industriemaschinen kaufen \u2013 Maschinenbestand"}]},{"@type":"WebSite","@id":"https:\/\/gambtec.de\/#website","url":"https:\/\/gambtec.de\/","name":"GambTec","description":"B2B Handelsplattform","publisher":{"@id":"https:\/\/gambtec.de\/#organization"},"potentialAction":[{"@type":"SearchAction","target":{"@type":"EntryPoint","urlTemplate":"https:\/\/gambtec.de\/?s={search_term_string}"},"query-input":{"@type":"PropertyValueSpecification","valueRequired":true,"valueName":"search_term_string"}}],"inLanguage":"en-US"},{"@type":"Organization","@id":"https:\/\/gambtec.de\/#organization","name":"GambTec","url":"https:\/\/gambtec.de\/","logo":{"@type":"ImageObject","inLanguage":"en-US","@id":"https:\/\/gambtec.de\/#\/schema\/logo\/image\/","url":"https:\/\/gambtec.de\/wp-content\/uploads\/2019\/04\/cropped-Logo.weiss_.png","contentUrl":"https:\/\/gambtec.de\/wp-content\/uploads\/2019\/04\/cropped-Logo.weiss_.png","width":240,"height":158,"caption":"GambTec"},"image":{"@id":"https:\/\/gambtec.de\/#\/schema\/logo\/image\/"}}]}},"_links":{"self":[{"href":"https:\/\/gambtec.de\/en_US\/wp-json\/wp\/v2\/pages\/12","targetHints":{"allow":["GET"]}}],"collection":[{"href":"https:\/\/gambtec.de\/en_US\/wp-json\/wp\/v2\/pages"}],"about":[{"href":"https:\/\/gambtec.de\/en_US\/wp-json\/wp\/v2\/types\/page"}],"author":[{"embeddable":true,"href":"https:\/\/gambtec.de\/en_US\/wp-json\/wp\/v2\/users\/1"}],"replies":[{"embeddable":true,"href":"https:\/\/gambtec.de\/en_US\/wp-json\/wp\/v2\/comments?post=12"}],"version-history":[{"count":36,"href":"https:\/\/gambtec.de\/en_US\/wp-json\/wp\/v2\/pages\/12\/revisions"}],"predecessor-version":[{"id":50823,"href":"https:\/\/gambtec.de\/en_US\/wp-json\/wp\/v2\/pages\/12\/revisions\/50823"}],"wp:attachment":[{"href":"https:\/\/gambtec.de\/en_US\/wp-json\/wp\/v2\/media?parent=12"}],"curies":[{"name":"wp","href":"https:\/\/api.w.org\/{rel}","templated":true}]}}