{"id":10,"date":"2019-04-30T17:25:59","date_gmt":"2019-04-30T17:25:59","guid":{"rendered":"http:\/\/gambtec.de\/?page_id=10"},"modified":"2026-03-31T16:00:14","modified_gmt":"2026-03-31T14:00:14","slug":"home","status":"publish","type":"page","link":"https:\/\/gambtec.de\/en\/","title":{"rendered":"Industriemaschinen Ankauf &amp; Verwertung \u2013 GambTec Berlin"},"content":{"rendered":"\n<nav id=\"gt-main-nav\">\n  <div class=\"nav-inner\">\n    <a href=\"\/\" class=\"logo\">\n      <span class=\"logo-wordmark\">Gamb<span>Tec<\/span><\/span>\n      <span class=\"logo-sep\"><\/span>\n      <span class=\"logo-tagline\">B2B Handelsplattform<\/span>\n    <\/a>\n    <ul class=\"nav-links\">\n      <li><a href=\"#branchen\">Branchen<\/a><\/li>\n      <li><a href=\"\/dienstleistungen\/\">Dienstleistungen<\/a><\/li>\n      <li><a href=\"https:\/\/gambtec.de\/maschinenbestand\" target=\"_blank\">Maschinenbestand<\/a><\/li>\n      <li><a href=\"#ueber\">\u00dcber uns<\/a><\/li>\n      <li><a href=\"#kontakt\" class=\"nav-cta\">Kontakt<\/a><\/li>\n    <\/ul>\n    <button class=\"nav-toggle\" aria-label=\"Menu oeffnen\" aria-expanded=\"false\"><span><\/span><span><\/span><span><\/span><\/button>\n  <\/div>\n<\/nav>\n\n\n\n\n\n<!-- \u2500\u2500 HERO \u2500\u2500 -->\n<div class=\"hero\">\n\n  <!-- LEFT: dark, grid bg, big headline -->\n  <div class=\"hero-left\">\n    <div class=\"hero-left-content\">\n      <div class=\"hero-eyebrow\">B2B \u00b7 Seit 2003<\/div>\n      <h1>Verwertung <br \/>mobiler <br \/><em style=\"white-space:nowrap\">Wirtschaftsg\u00fcter<\/em><\/h1>\n      <p class=\"hero-desc\">\n        Professionelle Bewertung, Sicherstellung und Abwicklung f\u00fcr Insolvenzverwalter,\n        Leasinggesellschaften und Unternehmen \u2013 national und international.\n      <\/p>\n      <div class=\"hero-btns\">\n        <a href=\"#leistungen\" class=\"btn-primary\">\n          Leistungen\n          \n        <\/a>\n        <a href=\"#kontakt\" class=\"btn-ghost\">Anfrage stellen<\/a>\n      <\/div>\n    <\/div>\n  <\/div>\n\n  <!-- RIGHT: stats stacked -->\n  <div class=\"hero-right\">\n    <div class=\"stats-stack\">\n      <div class=\"stat-row\">\n        <div class=\"stat-big\">20<span>+<\/span><\/div>\n        <div class=\"stat-right\">\n          <div class=\"stat-title\">Jahre Erfahrung<\/div>\n          <div class=\"stat-sub\">Verwertung mobiler Wirtschaftsg\u00fcter seit 2003<\/div>\n        <\/div>\n      <\/div>\n      <div class=\"stat-row\">\n        <div class=\"stat-big\"><span>&gt;<\/span>50<\/div>\n        <div class=\"stat-right\">\n          <div class=\"stat-title\">Partnerunternehmen<\/div>\n          <div class=\"stat-sub\">Weitreichendes Netzwerk f\u00fcr schnellen Abverkauf<\/div>\n        <\/div>\n      <\/div>\n      <div class=\"stat-row\">\n        <div class=\"stat-big\">100<span>%<\/span><\/div>\n        <div class=\"stat-right\">\n          <div class=\"stat-title\">International<\/div>\n          <div class=\"stat-sub\">Versand per Container, Luftfracht oder Spedition m\u00f6glich<\/div>\n        <\/div>\n      <\/div>\n    <\/div>\n    <div class=\"hero-badge\">\n      <span class=\"hero-badge-dot\"><\/span>\n      Dienstleister f\u00fcr Insolvenzverwalter \u00b7 Leasinggesellschaften \u00b7 Unternehmen\n    <\/div>\n  <\/div>\n\n<\/div>\n\n<!-- \u2500\u2500 LEISTUNGEN \u2500\u2500 -->\n<section id=\"leistungen\">\n  <div class=\"section-inner\">\n    <div class=\"section-header\">\n      <div>\n        <div class=\"section-label\">Leistungen<\/div>\n        <h2 class=\"section-title\">Was wir f\u00fcr Sie tun<\/h2>\n      <\/div>\n      <div class=\"section-count\">06<\/div>\n    <\/div>\n    <div class=\"services-list\">\n      <div class=\"service-row\">\n        <div class=\"service-num\">01<\/div>\n        <div class=\"service-name\">Bewertung &amp; Sch\u00e4tzung<\/div>\n        <div class=\"service-desc\">Qualifizierte Werteinsch\u00e4tzung mobiler Wirtschaftsg\u00fcter durch erfahrene Spezialisten \u2013 fundiert, transparent und marktgerecht.<\/div>\n        <div class=\"service-arrow\">\u2192<\/div>\n      <\/div>\n      <a href=\"\/sicherstellung\/\" class=\"service-row\" style=\"text-decoration:none;color:inherit;cursor:pointer\">\n        <div class=\"service-num\">02<\/div>\n        <div class=\"service-name\">Sicherstellung<\/div>\n        <div class=\"service-desc\">Rechtssichere Sicherung von Anlageverm\u00f6gen f\u00fcr Insolvenzverwalter und Leasinggesellschaften \u2013 diskret und effizient.<\/div>\n        <div class=\"service-arrow\">\u2192<\/div>\n      <\/a>\n      <div class=\"service-row\">\n        <div class=\"service-num\">03<\/div>\n        <div class=\"service-name\">Internationaler Verkauf<\/div>\n        <div class=\"service-desc\">Weltweiter Abverkauf inklusive Containerbeladung und Exportabwicklung \u2013 unser Netzwerk erm\u00f6glicht schnelle Verwertung.<\/div>\n        <div class=\"service-arrow\">\u2192<\/div>\n      <\/div>\n      <div class=\"service-row\">\n        <div class=\"service-num\">04<\/div>\n        <div class=\"service-name\">Netzwerk &amp; Partner<\/div>\n        <div class=\"service-desc\">Zugang zu einem weitreichenden Netzwerk an Fachunternehmen, H\u00e4ndlern und Endabnehmern f\u00fcr optimale Erl\u00f6se.<\/div>\n        <div class=\"service-arrow\">\u2192<\/div>\n      <\/div>\n      <div class=\"service-row\">\n        <div class=\"service-num\">05<\/div>\n        <div class=\"service-name\">Schnelle Abwicklung<\/div>\n        <div class=\"service-desc\">Kompetentes Handling und zeitnaher Abverkauf \u2013 maximale Effizienz bei minimaler Belastung f\u00fcr Ihren Betrieb.<\/div>\n        <div class=\"service-arrow\">\u2192<\/div>\n      <\/div>\n      <div class=\"service-row\">\n        <div class=\"service-num\">06<\/div>\n        <div class=\"service-name\"><a href=\"\/maschinenbestand\/\" style=\"color:inherit;text-decoration:none\">eBay &amp; Maschinenbestand<\/a><\/div>\n        <div class=\"service-desc\">Direkter Zugang zu unserem Maschinenbestand \u2013 online verf\u00fcgbar, sofort anfragbar und weltweit versandbereit.<\/div>\n        <div class=\"service-arrow\">\u2192<\/div>\n      <\/div>\n    <\/div>\n  <\/div>\n<\/section>\n\n<!-- \u2500\u2500 \u00dcBER UNS \u2500\u2500 -->\n<section id=\"ueber\">\n  <div class=\"section-inner\">\n    <div class=\"section-header\">\n      <div>\n        <div class=\"section-label\">\u00dcber GambTec<\/div>\n        <h2 class=\"section-title\">Erfahrung trifft Verl\u00e4sslichkeit<\/h2>\n      <\/div>\n      <div class=\"section-count\">20+<\/div>\n    <\/div>\n    <div class=\"about-split\">\n\n      <!-- Left: big year + pills -->\n      <div class=\"about-left\">\n        <div class=\"panel-label\">Gr\u00fcndungsjahr<\/div>\n        <div class=\"big-year\">2003<\/div>\n        <div class=\"big-year-sub\">Gegr\u00fcndet in Deutschland<\/div>\n        <p class=\"about-body\">\n          Seit \u00fcber zwei Jahrzehnten sind wir Ihr verl\u00e4sslicher Partner in der Verwertung\n          mobiler Wirtschaftsg\u00fcter. Langj\u00e4hrige Erfahrung, Flexibilit\u00e4t und Seriosit\u00e4t\n          sind unser Garant.\n        <\/p>\n        <div class=\"pill-list\">\n          <span class=\"pill\">Insolvenzverwalter<\/span>\n          <span class=\"pill\">Leasinggesellschaften<\/span>\n          <span class=\"pill\">Industrie<\/span>\n          <span class=\"pill\">International<\/span>\n          <span class=\"pill\">Maschinen<\/span>\n        <\/div>\n        \n\n      <\/div>\n\n      <!-- Right: title + list + feature grid -->\n      <div class=\"about-right\">\n        <div class=\"panel-label\">Unsere St\u00e4rken<\/div>\n        <div class=\"about-right-title\">Kompetenz.<br \/>Netzwerk.<br \/>Mehrwert.<\/div>\n        <ul class=\"about-list\">\n          <li>Verwertung mobiler Wirtschaftsg\u00fcter seit \u00fcber 20 Jahren aktiv<\/li>\n          <li>Dienstleister f\u00fcr Insolvenzverwalter &amp; Leasinggesellschaften<\/li>\n          <li>Bewertung, Sicherstellung und vollst\u00e4ndige Verwertung<\/li>\n          <li>Internationaler Maschinenverkauf &amp; Containerexport weltweit<\/li>\n        <\/ul>\n        <div class=\"feature-grid\">\n          <div class=\"feature\">\n            <div class=\"feature-title\">Kompetenz<\/div>\n            <div class=\"feature-text\">Qualifizierte Werteinsch\u00e4tzung durch Spezialisten<\/div>\n          <\/div>\n          <div class=\"feature\">\n            <div class=\"feature-title\">Netzwerk<\/div>\n            <div class=\"feature-text\">Gro\u00dfes Partnernetz f\u00fcr optimale Erl\u00f6se<\/div>\n          <\/div>\n          <div class=\"feature\">\n            <div class=\"feature-title\">International<\/div>\n            <div class=\"feature-text\">Weltweiter Verkauf inkl. Exportabwicklung<\/div>\n          <\/div>\n          <div class=\"feature\">\n            <div class=\"feature-title\">Schnelligkeit<\/div>\n            <div class=\"feature-text\">Zeitnaher Abverkauf, minimaler Aufwand<\/div>\n          <\/div>\n        <\/div>\n      <\/div>\n\n    <\/div>\n  <\/div>\n<\/section>\n\n<!-- \u2500\u2500 BRANCHEN \u2500\u2500 -->\n<section id=\"branchen\">\n  <div class=\"section-inner\">\n    <div class=\"section-header\">\n      <div>\n        <div class=\"section-label\">Branchen<\/div>\n        <h2 class=\"section-title\">Wir verwerten fast alles<\/h2>\n      <\/div>\n      <div class=\"section-count\">08<\/div>\n    <\/div>\n    <div class=\"branchen-grid\">\n  <a href=\"\/schrottankauf\/\" class=\"branchen-card\">\n    <span class=\"branchen-card-num\">01<\/span>\n    <h3 class=\"branchen-card-name\">Maschinen &amp; Anlagen<\/h3>\n    <p class=\"branchen-card-desc\">Industrielle Produktionsanlagen, CNC-Maschinen, Werkzeugmaschinen<\/p>\n    <span class=\"branchen-card-tag\">Industrie<\/span>\n  <\/a>\n  <a href=\"#kontakt\" class=\"branchen-card\">\n    <span class=\"branchen-card-num\">02<\/span>\n    <h3 class=\"branchen-card-name\">Dental &amp; Medizintechnik<\/h3>\n    <p class=\"branchen-card-desc\">Zahnarztpraxis-Equipment, medizinische Ger&auml;te, Laborausstattung<\/p>\n    <span class=\"branchen-card-tag\">Healthcare<\/span>\n  <\/a>\n  <a href=\"#kontakt\" class=\"branchen-card\">\n    <span class=\"branchen-card-num\">03<\/span>\n    <h3 class=\"branchen-card-name\">Produktion &amp; Fertigung<\/h3>\n    <p class=\"branchen-card-desc\">Fertigungsanlagen, Druckereimaschinen, Verpackungsmaschinen<\/p>\n    <span class=\"branchen-card-tag\">Fertigung<\/span>\n  <\/a>\n  <a href=\"#kontakt\" class=\"branchen-card\">\n    <span class=\"branchen-card-num\">04<\/span>\n    <h3 class=\"branchen-card-name\">Baumaschinen &amp; Fahrzeuge<\/h3>\n    <p class=\"branchen-card-desc\">Bagger, Kr&auml;ne, Nutzfahrzeuge, Gabelstapler, Spezialfahrzeuge<\/p>\n    <span class=\"branchen-card-tag\">Bau<\/span>\n  <\/a>\n  <a href=\"#kontakt\" class=\"branchen-card\">\n    <span class=\"branchen-card-num\">05<\/span>\n    <h3 class=\"branchen-card-name\">IT &amp; Elektronik<\/h3>\n    <p class=\"branchen-card-desc\">Server, Netzwerktechnik, B&uuml;roausstattung, Kommunikationssysteme<\/p>\n    <span class=\"branchen-card-tag\">Technologie<\/span>\n  <\/a>\n  <a href=\"#kontakt\" class=\"branchen-card\">\n    <span class=\"branchen-card-num\">06<\/span>\n    <h3 class=\"branchen-card-name\">Laborausstattung<\/h3>\n    <p class=\"branchen-card-desc\">Messger&auml;te, Analysetechnik, Forschungsausstattung<\/p>\n    <span class=\"branchen-card-tag\">Forschung<\/span>\n  <\/a>\n  <a href=\"#kontakt\" class=\"branchen-card\">\n    <span class=\"branchen-card-num\">07<\/span>\n    <h3 class=\"branchen-card-name\">Ladeneinrichtung<\/h3>\n    <p class=\"branchen-card-desc\">Regalsysteme, Kassensysteme, K&uuml;hl- und Pr&auml;sentationstechnik<\/p>\n    <span class=\"branchen-card-tag\">Handel<\/span>\n  <\/a>\n  <a href=\"#kontakt\" class=\"branchen-card\">\n    <span class=\"branchen-card-num\">08<\/span>\n    <h3 class=\"branchen-card-name\">Lager &amp; Logistik<\/h3>\n    <p class=\"branchen-card-desc\">Hochregale, F&ouml;rdertechnik, Kommissionieranlagen, Palettierroboter<\/p>\n    <span class=\"branchen-card-tag\">Logistik<\/span>\n  <\/a>\n<\/div>\n  <\/div>\n<\/section>\n\n<!-- \u2500\u2500 KONTAKT \u2500\u2500 -->\n<section id=\"kontakt\">\n  <div class=\"section-inner\">\n    <div class=\"section-header\">\n      <div>\n        <div class=\"section-label\">Kontakt<\/div>\n        <h2 class=\"section-title\">Sprechen wir miteinander<\/h2>\n      <\/div>\n      <div class=\"section-count\">\u2014<\/div>\n    <\/div>\n    <div class=\"contact-split\">\n      <div class=\"contact-data\">\n        <div>\n          <div class=\"contact-entry-label\">Telefon<\/div>\n          <div class=\"contact-entry-val\"><a href=\"tel:+493068055975\">+49 30 68055975<\/a><\/div>\n        <\/div>\n        <div>\n          <div class=\"contact-entry-label\">E-Mail<\/div>\n          <div class=\"contact-entry-val\"><a href=\"mailto:info at gambtec.de\">info at gambtec.de<\/a><\/div>\n        <\/div>\n        <div>\n          <div class=\"contact-entry-label\">Webseite<\/div>\n          <div class=\"contact-entry-val\"><a href=\"https:\/\/gambtec.de\" target=\"_blank\">www.gambtec.de<\/a><\/div>\n        <\/div>\n        <div>\n          <div class=\"contact-entry-label\">Standort<\/div>\n          <div class=\"contact-entry-val\">Berlin<\/div>\n        <\/div>\n        <div>\n          <div class=\"contact-entry-label\">Wir sprechen<\/div>\n          <div class=\"contact-entry-val\">&#x1f1e9;&#x1f1ea; Deutsch &nbsp;\u00b7&nbsp; &#x1f1ec;&#x1f1e7; English<\/div>\n        <\/div>\n      <\/div>\n      <div class=\"form-dark\" id=\"contact-form\">\n        <div class=\"form-row\">\n          <div class=\"form-group\">\n            <label>Name *<\/label>\n            <input type=\"text\" name=\"cf-name\" id=\"cf-name\" placeholder=\"Ihr Name\" required>\n          <\/div>\n          <div class=\"form-group\">\n            <label>Unternehmen<\/label>\n            <input type=\"text\" name=\"cf-company\" id=\"cf-company\" placeholder=\"Ihr Unternehmen\">\n          <\/div>\n        <\/div>\n        <div class=\"form-group\">\n          <label>E-Mail *<\/label>\n          <input type=\"email\" name=\"cf-email\" id=\"cf-email\" placeholder=\"Ihre E-Mail-Adresse\" required>\n        <\/div>\n        <div class=\"form-group\">\n          <label>Betreff<\/label>\n          <select name=\"betreff\" required>\n            <option value=\"\" disabled selected>Bitte w&auml;hlen &hellip;<\/option>\n            <option value=\"Maschinenbestand \/ Anfrage\">Maschinenbestand \/ Anfrage<\/option>\n            <option value=\"Ankauf \/ Verwertung\">Ankauf \/ Verwertung<\/option>\n            <option value=\"Sicherstellung\">Sicherstellung<\/option>\n            <option value=\"Sonstiges\">Sonstiges<\/option>\n          <\/select>\n        <\/div>\n        <div class=\"form-group\">\n          <label>Nachricht *<\/label>\n          <textarea id=\"cf-message\"><\/textarea>\n        <\/div>\n        <button type=\"button\" id=\"cf-submit\" class=\"btn-primary\" style=\"align-self:flex-start\">\n          Anfrage senden\n          \n        <\/button>\n        \n      \n      \n      \n    <\/div>\n  <\/div>\n<\/section>\n\n\n<script>\n(function(){\n  var btn = document.getElementById('cf-submit');\n  if (!btn) return;\n\n  var status = document.createElement('div');\n  status.style.cssText = 'margin-top:14px;padding:12px 16px;border-radius:4px;font-size:14px;display:none;line-height:1.5';\n  btn.parentNode.insertBefore(status, btn.nextSibling);\n\n  btn.addEventListener('click', function(){\n    var name    = (document.getElementById('cf-name')?.value    || '').trim();\n    var company = (document.getElementById('cf-company')?.value || '').trim();\n    var email   = (document.getElementById('cf-email')?.value   || '').trim();\n    var subject = document.querySelector('select[name=\"betreff\"]')?.value || '';\n    var message = (document.getElementById('cf-message')?.value || '').trim();\n\n    if (!name || !email || !message) {\n      show('Bitte f\u00fcllen Sie alle Pflichtfelder aus (Name, E-Mail, Nachricht).', false); return;\n    }\n    if (!subject) { show('Bitte w\u00e4hlen Sie einen Betreff.', false); return; }\n\n    var cfg = window.gambTecCF || {};\n    if (!cfg.nonce || !cfg.ajaxurl) { show('Konfigurationsfehler \u2013 bitte Seite neu laden.', false); return; }\n\n    btn.disabled = true;\n    btn.textContent = 'Wird gesendet\u2026';\n\n    var fd = new FormData();\n    fd.append('action',     'gambtec_contact');\n    fd.append('nonce',      cfg.nonce);\n    fd.append('cf_name',    name);\n    fd.append('cf_company', company);\n    fd.append('cf_email',   email);\n    fd.append('cf_subject', subject);\n    fd.append('cf_message', message);\n\n    fetch(cfg.ajaxurl, { method:'POST', body:fd })\n      .then(function(r){ return r.json(); })\n      .then(function(d){\n        btn.disabled = false;\n        btn.textContent = 'Anfrage senden';\n        show(d.data.message, d.success);\n        if (d.success) {\n          ['cf-name','cf-company','cf-email','cf-message'].forEach(function(id){\n            var el = document.getElementById(id); if (el) el.value = '';\n          });\n          var sel = document.querySelector('select[name=\"betreff\"]');\n          if (sel) sel.selectedIndex = 0;\n        }\n      })\n      .catch(function(){\n        btn.disabled = false;\n        btn.textContent = 'Anfrage senden';\n        show('Verbindungsfehler \u2013 bitte erneut versuchen.', false);\n      });\n  });\n\n  function show(msg, ok) {\n    status.textContent = msg;\n    status.style.display = 'block';\n    status.style.background = ok ? 'rgba(0,180,80,0.12)'        : 'rgba(220,30,30,0.12)';\n    status.style.border     = ok ? '1px solid rgba(0,180,80,0.4)' : '1px solid rgba(220,30,30,0.4)';\n    status.style.color      = ok ? '#4ade80'                     : '#f87171';\n  }\n})();\n<\/script>\n\n<!-- \u2500\u2500 FOOTER \u2500\u2500 -->\n<footer>\n  <div class=\"footer-inner\">\n    <div class=\"footer-left\">\n      <a href=\"\/\" class=\"footer-brand\">Gamb<span>Tec<\/span><\/a>\n      <span class=\"footer-sep-line\"><\/span>\n      <span class=\"footer-copy\">\u00a9 2026 Alle Rechte vorbehalten.<\/span>\n    <\/div>\n    <ul class=\"footer-links\">\n      <li><a href=\"https:\/\/gambtec.de\/agb\" target=\"_blank\">AGB<\/a><\/li>\n      <li><a href=\"\/datenschutz\/\" target=\"_blank\">Datenschutz<\/a><\/li>\n      <li><a href=\"https:\/\/gambtec.de\/impressum\" target=\"_blank\">Impressum<\/a><\/li>\n      <li><a href=\"\/impressionen\/\" target=\"_blank\">Impressionen<\/a><\/li>\n      <li><a href=\"\/ankauf\/\">Wir suchen<\/a><\/li>\n      <li><a href=\"\/schrottankauf\/\">Schrottankauf<\/a><\/li>\n    <\/ul>\n  <\/div>\n<\/footer>\n","protected":false},"excerpt":{"rendered":"<p>Machinery Inventory <\/p>\n<p class=\"link-more\"><a href=\"https:\/\/gambtec.de\/en\/\" class=\"more-link\">Continue reading<span class=\"screen-reader-text\"> &#8220;Industriemaschinen Ankauf &amp; Verwertung \u2013 GambTec Berlin&#8221;<\/span><\/a><\/p>","protected":false},"author":1,"featured_media":0,"parent":0,"menu_order":0,"comment_status":"closed","ping_status":"closed","template":"gambtec-canvas","meta":{"footnotes":""},"class_list":["post-10","page","type-page","status-publish","hentry"],"yoast_head":"<!-- This site is optimized with the Yoast SEO plugin v27.3 - https:\/\/yoast.com\/product\/yoast-seo-wordpress\/ -->\n<title>Industriemaschinen Ankauf &amp; Verwertung | GambTec Berlin<\/title>\n<meta name=\"description\" content=\"GambTec Berlin \u2013 Ankauf von Industriemaschinen, Schrottankauf &amp; Metallankauf. Altmetall, Kupferankauf, Aluminium. Faire Preise, schnelle Abwicklung bundesweit.\" \/>\n<meta name=\"robots\" content=\"index, follow, max-snippet:-1, max-image-preview:large, max-video-preview:-1\" \/>\n<link rel=\"canonical\" href=\"https:\/\/gambtec.de\/en\/\" \/>\n<meta property=\"og:locale\" content=\"en_US\" \/>\n<meta property=\"og:type\" content=\"article\" \/>\n<meta property=\"og:title\" content=\"Maschinenankauf, Schrottankauf &amp; Metallankauf Berlin | GambTec\" \/>\n<meta property=\"og:description\" content=\"GambTec Berlin \u2013 Ankauf von Industriemaschinen, Schrottankauf &amp; Metallankauf. Altmetall, Kupferankauf, Aluminium. Faire Preise, schnelle Abwicklung bundesweit.\" \/>\n<meta property=\"og:url\" content=\"https:\/\/gambtec.de\/en\/\" \/>\n<meta property=\"og:site_name\" content=\"GambTec\" \/>\n<meta property=\"article:modified_time\" content=\"2026-03-31T14:00:14+00:00\" \/>\n<meta property=\"og:image\" content=\"https:\/\/gambtec.de\/wp-content\/uploads\/2019\/04\/vintage-3892435_1920.jpg\" \/>\n\t<meta property=\"og:image:width\" content=\"968\" \/>\n\t<meta property=\"og:image:height\" content=\"894\" \/>\n\t<meta property=\"og:image:type\" content=\"image\/jpeg\" \/>\n<meta name=\"twitter:card\" content=\"summary_large_image\" \/>\n<meta name=\"twitter:image\" content=\"https:\/\/gambtec.de\/wp-content\/uploads\/2019\/04\/vintage-3892435_1920.jpg\" \/>\n<meta name=\"twitter:label1\" content=\"Est. reading time\" \/>\n\t<meta name=\"twitter:data1\" content=\"3 minutes\" \/>\n<script type=\"application\/ld+json\" class=\"yoast-schema-graph\">{\"@context\":\"https:\\\/\\\/schema.org\",\"@graph\":[{\"@type\":\"WebPage\",\"@id\":\"https:\\\/\\\/gambtec.de\\\/\",\"url\":\"https:\\\/\\\/gambtec.de\\\/\",\"name\":\"Maschinenankauf, Schrottankauf & Metallankauf Berlin | GambTec\",\"isPartOf\":{\"@id\":\"https:\\\/\\\/gambtec.de\\\/#website\"},\"datePublished\":\"2019-04-30T17:25:59+00:00\",\"dateModified\":\"2026-03-31T14:00:14+00:00\",\"description\":\"GambTec Berlin \u2013 Ankauf von Industriemaschinen, Schrottankauf & Metallankauf. Altmetall, Kupferankauf, Aluminium. Faire Preise, schnelle Abwicklung bundesweit.\",\"breadcrumb\":{\"@id\":\"https:\\\/\\\/gambtec.de\\\/#breadcrumb\"},\"inLanguage\":\"en-US\",\"potentialAction\":[{\"@type\":\"ReadAction\",\"target\":[\"https:\\\/\\\/gambtec.de\\\/\"]}]},{\"@type\":\"BreadcrumbList\",\"@id\":\"https:\\\/\\\/gambtec.de\\\/#breadcrumb\",\"itemListElement\":[{\"@type\":\"ListItem\",\"position\":1,\"name\":\"Start\",\"item\":\"https:\\\/\\\/gambtec.de\\\/\"},{\"@type\":\"ListItem\",\"position\":2,\"name\":\"Industriemaschinen Ankauf &amp; Verwertung \u2013 GambTec Berlin\"}]},{\"@type\":\"WebSite\",\"@id\":\"https:\\\/\\\/gambtec.de\\\/#website\",\"url\":\"https:\\\/\\\/gambtec.de\\\/\",\"name\":\"GambTec\",\"description\":\"B2B Handelsplattform\",\"publisher\":{\"@id\":\"https:\\\/\\\/gambtec.de\\\/#organization\"},\"potentialAction\":[{\"@type\":\"SearchAction\",\"target\":{\"@type\":\"EntryPoint\",\"urlTemplate\":\"https:\\\/\\\/gambtec.de\\\/?s={search_term_string}\"},\"query-input\":{\"@type\":\"PropertyValueSpecification\",\"valueRequired\":true,\"valueName\":\"search_term_string\"}}],\"inLanguage\":\"en-US\"},{\"@type\":\"Organization\",\"@id\":\"https:\\\/\\\/gambtec.de\\\/#organization\",\"name\":\"GambTec\",\"url\":\"https:\\\/\\\/gambtec.de\\\/\",\"logo\":{\"@type\":\"ImageObject\",\"inLanguage\":\"en-US\",\"@id\":\"https:\\\/\\\/gambtec.de\\\/#\\\/schema\\\/logo\\\/image\\\/\",\"url\":\"https:\\\/\\\/gambtec.de\\\/wp-content\\\/uploads\\\/2019\\\/04\\\/cropped-Logo.weiss_.png\",\"contentUrl\":\"https:\\\/\\\/gambtec.de\\\/wp-content\\\/uploads\\\/2019\\\/04\\\/cropped-Logo.weiss_.png\",\"width\":240,\"height\":158,\"caption\":\"GambTec\"},\"image\":{\"@id\":\"https:\\\/\\\/gambtec.de\\\/#\\\/schema\\\/logo\\\/image\\\/\"}}]}<\/script>\n<!-- \/ Yoast SEO plugin. -->","yoast_head_json":{"title":"Industriemaschinen Ankauf & Verwertung | GambTec Berlin","description":"GambTec Berlin \u2013 Ankauf von Industriemaschinen, Schrottankauf & Metallankauf. Altmetall, Kupferankauf, Aluminium. Faire Preise, schnelle Abwicklung bundesweit.","robots":{"index":"index","follow":"follow","max-snippet":"max-snippet:-1","max-image-preview":"max-image-preview:large","max-video-preview":"max-video-preview:-1"},"canonical":"https:\/\/gambtec.de\/en\/","og_locale":"en_US","og_type":"article","og_title":"Maschinenankauf, Schrottankauf & Metallankauf Berlin | GambTec","og_description":"GambTec Berlin \u2013 Ankauf von Industriemaschinen, Schrottankauf & Metallankauf. Altmetall, Kupferankauf, Aluminium. Faire Preise, schnelle Abwicklung bundesweit.","og_url":"https:\/\/gambtec.de\/en\/","og_site_name":"GambTec","article_modified_time":"2026-03-31T14:00:14+00:00","og_image":[{"width":968,"height":894,"url":"https:\/\/gambtec.de\/wp-content\/uploads\/2019\/04\/vintage-3892435_1920.jpg","type":"image\/jpeg"}],"twitter_card":"summary_large_image","twitter_image":"https:\/\/gambtec.de\/wp-content\/uploads\/2019\/04\/vintage-3892435_1920.jpg","twitter_misc":{"Est. reading time":"3 minutes"},"schema":{"@context":"https:\/\/schema.org","@graph":[{"@type":"WebPage","@id":"https:\/\/gambtec.de\/","url":"https:\/\/gambtec.de\/","name":"Maschinenankauf, Schrottankauf & Metallankauf Berlin | GambTec","isPartOf":{"@id":"https:\/\/gambtec.de\/#website"},"datePublished":"2019-04-30T17:25:59+00:00","dateModified":"2026-03-31T14:00:14+00:00","description":"GambTec Berlin \u2013 Ankauf von Industriemaschinen, Schrottankauf & Metallankauf. Altmetall, Kupferankauf, Aluminium. Faire Preise, schnelle Abwicklung bundesweit.","breadcrumb":{"@id":"https:\/\/gambtec.de\/#breadcrumb"},"inLanguage":"en-US","potentialAction":[{"@type":"ReadAction","target":["https:\/\/gambtec.de\/"]}]},{"@type":"BreadcrumbList","@id":"https:\/\/gambtec.de\/#breadcrumb","itemListElement":[{"@type":"ListItem","position":1,"name":"Start","item":"https:\/\/gambtec.de\/"},{"@type":"ListItem","position":2,"name":"Industriemaschinen Ankauf &amp; Verwertung \u2013 GambTec Berlin"}]},{"@type":"WebSite","@id":"https:\/\/gambtec.de\/#website","url":"https:\/\/gambtec.de\/","name":"GambTec","description":"B2B trading platform","publisher":{"@id":"https:\/\/gambtec.de\/#organization"},"potentialAction":[{"@type":"SearchAction","target":{"@type":"EntryPoint","urlTemplate":"https:\/\/gambtec.de\/?s={search_term_string}"},"query-input":{"@type":"PropertyValueSpecification","valueRequired":true,"valueName":"search_term_string"}}],"inLanguage":"en-US"},{"@type":"Organization","@id":"https:\/\/gambtec.de\/#organization","name":"GambTec","url":"https:\/\/gambtec.de\/","logo":{"@type":"ImageObject","inLanguage":"en-US","@id":"https:\/\/gambtec.de\/#\/schema\/logo\/image\/","url":"https:\/\/gambtec.de\/wp-content\/uploads\/2019\/04\/cropped-Logo.weiss_.png","contentUrl":"https:\/\/gambtec.de\/wp-content\/uploads\/2019\/04\/cropped-Logo.weiss_.png","width":240,"height":158,"caption":"GambTec"},"image":{"@id":"https:\/\/gambtec.de\/#\/schema\/logo\/image\/"}}]}},"_links":{"self":[{"href":"https:\/\/gambtec.de\/en\/wp-json\/wp\/v2\/pages\/10","targetHints":{"allow":["GET"]}}],"collection":[{"href":"https:\/\/gambtec.de\/en\/wp-json\/wp\/v2\/pages"}],"about":[{"href":"https:\/\/gambtec.de\/en\/wp-json\/wp\/v2\/types\/page"}],"author":[{"embeddable":true,"href":"https:\/\/gambtec.de\/en\/wp-json\/wp\/v2\/users\/1"}],"replies":[{"embeddable":true,"href":"https:\/\/gambtec.de\/en\/wp-json\/wp\/v2\/comments?post=10"}],"version-history":[{"count":47,"href":"https:\/\/gambtec.de\/en\/wp-json\/wp\/v2\/pages\/10\/revisions"}],"predecessor-version":[{"id":50826,"href":"https:\/\/gambtec.de\/en\/wp-json\/wp\/v2\/pages\/10\/revisions\/50826"}],"wp:attachment":[{"href":"https:\/\/gambtec.de\/en\/wp-json\/wp\/v2\/media?parent=10"}],"curies":[{"name":"wp","href":"https:\/\/api.w.org\/{rel}","templated":true}]}}